{"id":47,"date":"2024-06-28T09:25:29","date_gmt":"2024-06-28T12:25:29","guid":{"rendered":"https:\/\/jjeturismo.com\/site\/?page_id=47"},"modified":"2025-02-03T14:27:29","modified_gmt":"2025-02-03T17:27:29","slug":"frota","status":"publish","type":"page","link":"https:\/\/jjeturismo.com\/site\/frota\/","title":{"rendered":"Frota"},"content":{"rendered":"\t\t<div data-elementor-type=\"wp-page\" data-elementor-id=\"47\" class=\"elementor elementor-47\" data-elementor-settings=\"{&quot;element_pack_global_tooltip_width&quot;:{&quot;unit&quot;:&quot;px&quot;,&quot;size&quot;:&quot;&quot;,&quot;sizes&quot;:[]},&quot;element_pack_global_tooltip_width_tablet&quot;:{&quot;unit&quot;:&quot;px&quot;,&quot;size&quot;:&quot;&quot;,&quot;sizes&quot;:[]},&quot;element_pack_global_tooltip_width_mobile&quot;:{&quot;unit&quot;:&quot;px&quot;,&quot;size&quot;:&quot;&quot;,&quot;sizes&quot;:[]},&quot;element_pack_global_tooltip_padding&quot;:{&quot;unit&quot;:&quot;px&quot;,&quot;top&quot;:&quot;&quot;,&quot;right&quot;:&quot;&quot;,&quot;bottom&quot;:&quot;&quot;,&quot;left&quot;:&quot;&quot;,&quot;isLinked&quot;:true},&quot;element_pack_global_tooltip_padding_tablet&quot;:{&quot;unit&quot;:&quot;px&quot;,&quot;top&quot;:&quot;&quot;,&quot;right&quot;:&quot;&quot;,&quot;bottom&quot;:&quot;&quot;,&quot;left&quot;:&quot;&quot;,&quot;isLinked&quot;:true},&quot;element_pack_global_tooltip_padding_mobile&quot;:{&quot;unit&quot;:&quot;px&quot;,&quot;top&quot;:&quot;&quot;,&quot;right&quot;:&quot;&quot;,&quot;bottom&quot;:&quot;&quot;,&quot;left&quot;:&quot;&quot;,&quot;isLinked&quot;:true},&quot;element_pack_global_tooltip_border_radius&quot;:{&quot;unit&quot;:&quot;px&quot;,&quot;top&quot;:&quot;&quot;,&quot;right&quot;:&quot;&quot;,&quot;bottom&quot;:&quot;&quot;,&quot;left&quot;:&quot;&quot;,&quot;isLinked&quot;:true},&quot;element_pack_global_tooltip_border_radius_tablet&quot;:{&quot;unit&quot;:&quot;px&quot;,&quot;top&quot;:&quot;&quot;,&quot;right&quot;:&quot;&quot;,&quot;bottom&quot;:&quot;&quot;,&quot;left&quot;:&quot;&quot;,&quot;isLinked&quot;:true},&quot;element_pack_global_tooltip_border_radius_mobile&quot;:{&quot;unit&quot;:&quot;px&quot;,&quot;top&quot;:&quot;&quot;,&quot;right&quot;:&quot;&quot;,&quot;bottom&quot;:&quot;&quot;,&quot;left&quot;:&quot;&quot;,&quot;isLinked&quot;:true}}\" data-elementor-post-type=\"page\">\n\t\t\t\t<div class=\"elementor-element elementor-element-62beac9 e-flex e-con-boxed e-con e-parent\" data-id=\"62beac9\" data-element_type=\"container\">\n\t\t\t\t\t<div class=\"e-con-inner\">\n\t\t\t\t\t<\/div>\n\t\t\t\t<\/div>\n\t\t<div class=\"elementor-element elementor-element-cf90183 e-flex e-con-boxed e-con e-parent\" data-id=\"cf90183\" data-element_type=\"container\">\n\t\t\t\t\t<div class=\"e-con-inner\">\n\t\t<div class=\"elementor-element elementor-element-6c2445f e-con-full e-flex e-con e-child\" data-id=\"6c2445f\" data-element_type=\"container\">\n\t\t\t\t<div class=\"elementor-element elementor-element-7b66cf1 ekit-equal-height-enable elementor-widget elementor-widget-elementskit-image-box\" data-id=\"7b66cf1\" data-element_type=\"widget\" data-settings=\"{&quot;ekit_we_effect_on&quot;:&quot;none&quot;}\" data-widget_type=\"elementskit-image-box.default\">\n\t\t\t\t<div class=\"elementor-widget-container\">\n\t\t\t<div class=\"ekit-wid-con\" >\n            <div class=\"elementskit-info-image-box ekit-image-box text-center simple-card\" >\n\n                <a href=\"https:\/\/jjeturismo.com\/site\/onibus-cama-4900\/\">\n                <div class=\"elementskit-box-header image-box-img-center\">\n\n                    <img fetchpriority=\"high\" decoding=\"async\" width=\"800\" height=\"600\" src=\"https:\/\/jjeturismo.com\/site\/wp-content\/uploads\/2024\/06\/4900cama-1024x768.jpg\" class=\"attachment-large size-large wp-image-289\" alt=\"\" srcset=\"https:\/\/jjeturismo.com\/site\/wp-content\/uploads\/2024\/06\/4900cama-1024x768.jpg 1024w, https:\/\/jjeturismo.com\/site\/wp-content\/uploads\/2024\/06\/4900cama-300x225.jpg 300w, https:\/\/jjeturismo.com\/site\/wp-content\/uploads\/2024\/06\/4900cama-768x576.jpg 768w, https:\/\/jjeturismo.com\/site\/wp-content\/uploads\/2024\/06\/4900cama-1536x1152.jpg 1536w, https:\/\/jjeturismo.com\/site\/wp-content\/uploads\/2024\/06\/4900cama.jpg 2040w\" sizes=\"(max-width: 800px) 100vw, 800px\" \/>\n                <\/div>\n                <\/a>\n                <div class=\"elementskit-box-body ekit-image-box-body\">\n                    <div class=\"elementskit-box-content ekit-image-box-body-inner\">\n                                                <h3 class=\"elementskit-info-box-title\">\n\n                        4900<br>CamaBus\n                        \n                    <\/h3>\n                                                            <div class=\"elementskit-box-style-content\">\n                        Leito Cama 23 poltronas                    <\/div>\n                                    <\/div>\n\n                                <div class=\"elementskit-box-footer\">\n                    <div class=\"box-footer\">\n                        <div class=\"btn-wraper\">\n                                                            <a href=\"https:\/\/jjeturismo.com\/site\/onibus-cama-4900\/\" class=\"elementskit-btn whitespace--normal\">\n                                    \n                                    \n                                    Conhe\u00e7a mais                                <\/a>\n                                                        <\/div>\n                    <\/div>\n                <\/div>\n                            <\/div>\n            <\/div>\n    <\/div>\t\t<\/div>\n\t\t\t\t<\/div>\n\t\t\t\t<\/div>\n\t\t<div class=\"elementor-element elementor-element-d269719 e-con-full e-flex e-con e-child\" data-id=\"d269719\" data-element_type=\"container\">\n\t\t\t\t<div class=\"elementor-element elementor-element-b433f51 ekit-equal-height-enable elementor-widget elementor-widget-elementskit-image-box\" data-id=\"b433f51\" data-element_type=\"widget\" data-settings=\"{&quot;ekit_we_effect_on&quot;:&quot;none&quot;}\" data-widget_type=\"elementskit-image-box.default\">\n\t\t\t\t<div class=\"elementor-widget-container\">\n\t\t\t<div class=\"ekit-wid-con\" >\n            <div class=\"elementskit-info-image-box ekit-image-box text-center simple-card\" >\n\n                <a >\n                <div class=\"elementskit-box-header image-box-img-center\">\n\n                    <img decoding=\"async\" width=\"800\" height=\"600\" src=\"https:\/\/jjeturismo.com\/site\/wp-content\/uploads\/2024\/06\/5100-leito-1024x768.jpg\" class=\"attachment-large size-large wp-image-293\" alt=\"\" srcset=\"https:\/\/jjeturismo.com\/site\/wp-content\/uploads\/2024\/06\/5100-leito-1024x768.jpg 1024w, https:\/\/jjeturismo.com\/site\/wp-content\/uploads\/2024\/06\/5100-leito-300x225.jpg 300w, https:\/\/jjeturismo.com\/site\/wp-content\/uploads\/2024\/06\/5100-leito-768x576.jpg 768w, https:\/\/jjeturismo.com\/site\/wp-content\/uploads\/2024\/06\/5100-leito-1536x1152.jpg 1536w, https:\/\/jjeturismo.com\/site\/wp-content\/uploads\/2024\/06\/5100-leito.jpg 2040w\" sizes=\"(max-width: 800px) 100vw, 800px\" \/>\n                <\/div>\n                <\/a>\n                <div class=\"elementskit-box-body ekit-image-box-body\">\n                    <div class=\"elementskit-box-content ekit-image-box-body-inner\">\n                                                <h3 class=\"elementskit-info-box-title\">\n\n                        5100<br>Leito Total\n                        \n                    <\/h3>\n                                                            <div class=\"elementskit-box-style-content\">\n                        Leito Total 40 poltronas                    <\/div>\n                                    <\/div>\n\n                                <div class=\"elementskit-box-footer\">\n                    <div class=\"box-footer\">\n                        <div class=\"btn-wraper\">\n                                                            <a href=\"#\" class=\"elementskit-btn whitespace--normal\">\n                                    \n                                    \n                                    Conhe\u00e7a mais                                <\/a>\n                                                        <\/div>\n                    <\/div>\n                <\/div>\n                            <\/div>\n            <\/div>\n    <\/div>\t\t<\/div>\n\t\t\t\t<\/div>\n\t\t\t\t<\/div>\n\t\t<div class=\"elementor-element elementor-element-2450a71 e-con-full e-flex e-con e-child\" data-id=\"2450a71\" data-element_type=\"container\">\n\t\t\t\t<div class=\"elementor-element elementor-element-0aeea82 ekit-equal-height-enable elementor-widget elementor-widget-elementskit-image-box\" data-id=\"0aeea82\" data-element_type=\"widget\" data-settings=\"{&quot;ekit_we_effect_on&quot;:&quot;none&quot;}\" data-widget_type=\"elementskit-image-box.default\">\n\t\t\t\t<div class=\"elementor-widget-container\">\n\t\t\t<div class=\"ekit-wid-con\" >\n            <div class=\"elementskit-info-image-box ekit-image-box text-center simple-card\" >\n\n                <a >\n                <div class=\"elementskit-box-header image-box-img-center\">\n\n                    <img decoding=\"async\" width=\"800\" height=\"600\" src=\"https:\/\/jjeturismo.com\/site\/wp-content\/uploads\/2024\/06\/5300-batevolta-sp-1024x768.jpg\" class=\"attachment-large size-large wp-image-306\" alt=\"\" srcset=\"https:\/\/jjeturismo.com\/site\/wp-content\/uploads\/2024\/06\/5300-batevolta-sp-1024x768.jpg 1024w, https:\/\/jjeturismo.com\/site\/wp-content\/uploads\/2024\/06\/5300-batevolta-sp-300x225.jpg 300w, https:\/\/jjeturismo.com\/site\/wp-content\/uploads\/2024\/06\/5300-batevolta-sp-768x576.jpg 768w, https:\/\/jjeturismo.com\/site\/wp-content\/uploads\/2024\/06\/5300-batevolta-sp-1536x1152.jpg 1536w, https:\/\/jjeturismo.com\/site\/wp-content\/uploads\/2024\/06\/5300-batevolta-sp.jpg 2040w\" sizes=\"(max-width: 800px) 100vw, 800px\" \/>\n                <\/div>\n                <\/a>\n                <div class=\"elementskit-box-body ekit-image-box-body\">\n                    <div class=\"elementskit-box-content ekit-image-box-body-inner\">\n                                                <h3 class=\"elementskit-info-box-title\">\n\n                        5300<br>Cama e Leito\n                        \n                    <\/h3>\n                                                            <div class=\"elementskit-box-style-content\">\n                        Leito Cama e Total 29 poltronas                    <\/div>\n                                    <\/div>\n\n                                <div class=\"elementskit-box-footer\">\n                    <div class=\"box-footer\">\n                        <div class=\"btn-wraper\">\n                                                            <a href=\"#\" class=\"elementskit-btn whitespace--normal\">\n                                    \n                                    \n                                    Conhe\u00e7a mais                                <\/a>\n                                                        <\/div>\n                    <\/div>\n                <\/div>\n                            <\/div>\n            <\/div>\n    <\/div>\t\t<\/div>\n\t\t\t\t<\/div>\n\t\t\t\t<\/div>\n\t\t<div class=\"elementor-element elementor-element-6cd83d0 e-con-full e-flex e-con e-child\" data-id=\"6cd83d0\" data-element_type=\"container\">\n\t\t\t\t<div class=\"elementor-element elementor-element-de69696 ekit-equal-height-enable elementor-widget elementor-widget-elementskit-image-box\" data-id=\"de69696\" data-element_type=\"widget\" data-settings=\"{&quot;ekit_we_effect_on&quot;:&quot;none&quot;}\" data-widget_type=\"elementskit-image-box.default\">\n\t\t\t\t<div class=\"elementor-widget-container\">\n\t\t\t<div class=\"ekit-wid-con\" >\n            <div class=\"elementskit-info-image-box ekit-image-box text-center simple-card\" >\n\n                <a href=\"https:\/\/jjeturismo.com\/site\/onibus-4300-leito-total-dd-40-poltronas\/\">\n                <div class=\"elementskit-box-header image-box-img-center\">\n\n                    <img loading=\"lazy\" decoding=\"async\" width=\"800\" height=\"600\" src=\"https:\/\/jjeturismo.com\/site\/wp-content\/uploads\/2024\/06\/4300-jjeturismo-1024x768.jpeg\" class=\"attachment-large size-large wp-image-304\" alt=\"\" srcset=\"https:\/\/jjeturismo.com\/site\/wp-content\/uploads\/2024\/06\/4300-jjeturismo-1024x768.jpeg 1024w, https:\/\/jjeturismo.com\/site\/wp-content\/uploads\/2024\/06\/4300-jjeturismo-300x225.jpeg 300w, https:\/\/jjeturismo.com\/site\/wp-content\/uploads\/2024\/06\/4300-jjeturismo-768x576.jpeg 768w, https:\/\/jjeturismo.com\/site\/wp-content\/uploads\/2024\/06\/4300-jjeturismo-1536x1152.jpeg 1536w, https:\/\/jjeturismo.com\/site\/wp-content\/uploads\/2024\/06\/4300-jjeturismo.jpeg 2040w\" sizes=\"(max-width: 800px) 100vw, 800px\" \/>\n                <\/div>\n                <\/a>\n                <div class=\"elementskit-box-body ekit-image-box-body\">\n                    <div class=\"elementskit-box-content ekit-image-box-body-inner\">\n                                                <h3 class=\"elementskit-info-box-title\">\n\n                        4300<br>Cama e Leito\n                        \n                    <\/h3>\n                                                            <div class=\"elementskit-box-style-content\">\n                        Leito Total 32 poltronas                    <\/div>\n                                    <\/div>\n\n                                <div class=\"elementskit-box-footer\">\n                    <div class=\"box-footer\">\n                        <div class=\"btn-wraper\">\n                                                            <a href=\"https:\/\/jjeturismo.com\/site\/onibus-4300-leito-total-dd-40-poltronas\/\" class=\"elementskit-btn whitespace--normal\">\n                                    \n                                    \n                                    Conhe\u00e7a mais                                <\/a>\n                                                        <\/div>\n                    <\/div>\n                <\/div>\n                            <\/div>\n            <\/div>\n    <\/div>\t\t<\/div>\n\t\t\t\t<\/div>\n\t\t\t\t<\/div>\n\t\t\t\t\t<\/div>\n\t\t\t\t<\/div>\n\t\t<div class=\"elementor-element elementor-element-07dcbb3 e-flex e-con-boxed e-con e-parent\" data-id=\"07dcbb3\" data-element_type=\"container\">\n\t\t\t\t\t<div class=\"e-con-inner\">\n\t\t<div class=\"elementor-element elementor-element-d5523f4 e-con-full e-flex e-con e-child\" data-id=\"d5523f4\" data-element_type=\"container\">\n\t\t\t\t<div class=\"elementor-element elementor-element-35a8efb ekit-equal-height-enable elementor-widget elementor-widget-elementskit-image-box\" data-id=\"35a8efb\" data-element_type=\"widget\" data-settings=\"{&quot;ekit_we_effect_on&quot;:&quot;none&quot;}\" data-widget_type=\"elementskit-image-box.default\">\n\t\t\t\t<div class=\"elementor-widget-container\">\n\t\t\t<div class=\"ekit-wid-con\" >\n            <div class=\"elementskit-info-image-box ekit-image-box text-center simple-card\" >\n\n                <a href=\"https:\/\/jjeturismo.com\/site\/onibus-leito-master-4700\/\">\n                <div class=\"elementskit-box-header image-box-img-center\">\n\n                    <img loading=\"lazy\" decoding=\"async\" width=\"800\" height=\"600\" src=\"https:\/\/jjeturismo.com\/site\/wp-content\/uploads\/2024\/06\/4700-jjeturismo-1-1024x768.jpeg\" class=\"attachment-large size-large wp-image-283\" alt=\"\" srcset=\"https:\/\/jjeturismo.com\/site\/wp-content\/uploads\/2024\/06\/4700-jjeturismo-1-1024x768.jpeg 1024w, https:\/\/jjeturismo.com\/site\/wp-content\/uploads\/2024\/06\/4700-jjeturismo-1-300x225.jpeg 300w, https:\/\/jjeturismo.com\/site\/wp-content\/uploads\/2024\/06\/4700-jjeturismo-1-768x576.jpeg 768w, https:\/\/jjeturismo.com\/site\/wp-content\/uploads\/2024\/06\/4700-jjeturismo-1-1536x1152.jpeg 1536w, https:\/\/jjeturismo.com\/site\/wp-content\/uploads\/2024\/06\/4700-jjeturismo-1.jpeg 2040w\" sizes=\"(max-width: 800px) 100vw, 800px\" \/>\n                <\/div>\n                <\/a>\n                <div class=\"elementskit-box-body ekit-image-box-body\">\n                    <div class=\"elementskit-box-content ekit-image-box-body-inner\">\n                                                <h3 class=\"elementskit-info-box-title\">\n\n                        4700<br>Leito Master\n                        \n                    <\/h3>\n                                                            <div class=\"elementskit-box-style-content\">\n                        Leito Master 44 poltronas                    <\/div>\n                                    <\/div>\n\n                                <div class=\"elementskit-box-footer\">\n                    <div class=\"box-footer\">\n                        <div class=\"btn-wraper\">\n                                                            <a href=\"https:\/\/jjeturismo.com\/site\/onibus-leito-master-4700\/\" class=\"elementskit-btn whitespace--normal\">\n                                    \n                                    \n                                    Conhe\u00e7a mais                                <\/a>\n                                                        <\/div>\n                    <\/div>\n                <\/div>\n                            <\/div>\n            <\/div>\n    <\/div>\t\t<\/div>\n\t\t\t\t<\/div>\n\t\t\t\t<\/div>\n\t\t<div class=\"elementor-element elementor-element-4d51d7f e-con-full e-flex e-con e-child\" data-id=\"4d51d7f\" data-element_type=\"container\">\n\t\t\t\t<div class=\"elementor-element elementor-element-396a8b5 ekit-equal-height-enable elementor-widget elementor-widget-elementskit-image-box\" data-id=\"396a8b5\" data-element_type=\"widget\" data-settings=\"{&quot;ekit_we_effect_on&quot;:&quot;none&quot;}\" data-widget_type=\"elementskit-image-box.default\">\n\t\t\t\t<div class=\"elementor-widget-container\">\n\t\t\t<div class=\"ekit-wid-con\" >\n            <div class=\"elementskit-info-image-box ekit-image-box text-center simple-card\" >\n\n                <a href=\"https:\/\/jjeturismo.com\/site\/onibus-4500-leito-total-ld-28-poltronas\/\">\n                <div class=\"elementskit-box-header image-box-img-center\">\n\n                    <img loading=\"lazy\" decoding=\"async\" width=\"800\" height=\"600\" src=\"https:\/\/jjeturismo.com\/site\/wp-content\/uploads\/2024\/06\/4500-jjeturismo.jpeg\" class=\"attachment-large size-large wp-image-305\" alt=\"\" srcset=\"https:\/\/jjeturismo.com\/site\/wp-content\/uploads\/2024\/06\/4500-jjeturismo.jpeg 960w, https:\/\/jjeturismo.com\/site\/wp-content\/uploads\/2024\/06\/4500-jjeturismo-300x225.jpeg 300w, https:\/\/jjeturismo.com\/site\/wp-content\/uploads\/2024\/06\/4500-jjeturismo-768x576.jpeg 768w\" sizes=\"(max-width: 800px) 100vw, 800px\" \/>\n                <\/div>\n                <\/a>\n                <div class=\"elementskit-box-body ekit-image-box-body\">\n                    <div class=\"elementskit-box-content ekit-image-box-body-inner\">\n                                                <h3 class=\"elementskit-info-box-title\">\n\n                        4500<br>Leito Total\n                        \n                    <\/h3>\n                                                            <div class=\"elementskit-box-style-content\">\n                        Leito Total 28 poltronas                    <\/div>\n                                    <\/div>\n\n                                <div class=\"elementskit-box-footer\">\n                    <div class=\"box-footer\">\n                        <div class=\"btn-wraper\">\n                                                            <a href=\"https:\/\/jjeturismo.com\/site\/onibus-4500-leito-total-ld-28-poltronas\/\" class=\"elementskit-btn whitespace--normal\">\n                                    \n                                    \n                                    Conhe\u00e7a mais                                <\/a>\n                                                        <\/div>\n                    <\/div>\n                <\/div>\n                            <\/div>\n            <\/div>\n    <\/div>\t\t<\/div>\n\t\t\t\t<\/div>\n\t\t\t\t<\/div>\n\t\t<div class=\"elementor-element elementor-element-94e5017 e-con-full e-flex e-con e-child\" data-id=\"94e5017\" data-element_type=\"container\">\n\t\t\t\t<div class=\"elementor-element elementor-element-7d8c434 ekit-equal-height-enable elementor-widget elementor-widget-elementskit-image-box\" data-id=\"7d8c434\" data-element_type=\"widget\" data-settings=\"{&quot;ekit_we_effect_on&quot;:&quot;none&quot;}\" data-widget_type=\"elementskit-image-box.default\">\n\t\t\t\t<div class=\"elementor-widget-container\">\n\t\t\t<div class=\"ekit-wid-con\" >\n            <div class=\"elementskit-info-image-box ekit-image-box text-center simple-card\" >\n\n                <a href=\"https:\/\/jjeturismo.com\/site\/onibus-3900-leito-total-ld-28-poltronas\/\">\n                <div class=\"elementskit-box-header image-box-img-center\">\n\n                    <img loading=\"lazy\" decoding=\"async\" width=\"800\" height=\"600\" src=\"https:\/\/jjeturismo.com\/site\/wp-content\/uploads\/2024\/07\/onibus3900-jjeturismo.jpg\" class=\"attachment-large size-large wp-image-507\" alt=\"\" srcset=\"https:\/\/jjeturismo.com\/site\/wp-content\/uploads\/2024\/07\/onibus3900-jjeturismo.jpg 972w, https:\/\/jjeturismo.com\/site\/wp-content\/uploads\/2024\/07\/onibus3900-jjeturismo-300x225.jpg 300w, https:\/\/jjeturismo.com\/site\/wp-content\/uploads\/2024\/07\/onibus3900-jjeturismo-768x576.jpg 768w\" sizes=\"(max-width: 800px) 100vw, 800px\" \/>\n                <\/div>\n                <\/a>\n                <div class=\"elementskit-box-body ekit-image-box-body\">\n                    <div class=\"elementskit-box-content ekit-image-box-body-inner\">\n                                                <h3 class=\"elementskit-info-box-title\">\n\n                        3900<br>Leito Total\n                        \n                    <\/h3>\n                                                            <div class=\"elementskit-box-style-content\">\n                        Leito Total 28 poltronas                    <\/div>\n                                    <\/div>\n\n                                <div class=\"elementskit-box-footer\">\n                    <div class=\"box-footer\">\n                        <div class=\"btn-wraper\">\n                                                            <a href=\"https:\/\/jjeturismo.com\/site\/onibus-3900-leito-total-ld-28-poltronas\/\" class=\"elementskit-btn whitespace--normal\">\n                                    \n                                    \n                                    Conhe\u00e7a mais                                <\/a>\n                                                        <\/div>\n                    <\/div>\n                <\/div>\n                            <\/div>\n            <\/div>\n    <\/div>\t\t<\/div>\n\t\t\t\t<\/div>\n\t\t\t\t<\/div>\n\t\t\t\t\t<\/div>\n\t\t\t\t<\/div>\n\t\t\t\t<\/div>\n\t\t","protected":false},"excerpt":{"rendered":"<p>4900CamaBus Leito Cama 23 poltronas Conhe\u00e7a mais 5100Leito Total Leito Total 40 poltronas Conhe\u00e7a mais 5300Cama e Leito Leito Cama e Total 29 poltronas Conhe\u00e7a mais 4300Cama e Leito Leito Total 32 poltronas Conhe\u00e7a mais 4700Leito Master Leito Master 44 poltronas Conhe\u00e7a mais 4500Leito Total Leito Total 28 poltronas Conhe\u00e7a mais 3900Leito Total Leito Total [&hellip;]<\/p>\n","protected":false},"author":1,"featured_media":0,"parent":0,"menu_order":0,"comment_status":"closed","ping_status":"closed","template":"elementor_header_footer","meta":{"footnotes":""},"class_list":["post-47","page","type-page","status-publish","hentry"],"_links":{"self":[{"href":"https:\/\/jjeturismo.com\/site\/wp-json\/wp\/v2\/pages\/47","targetHints":{"allow":["GET"]}}],"collection":[{"href":"https:\/\/jjeturismo.com\/site\/wp-json\/wp\/v2\/pages"}],"about":[{"href":"https:\/\/jjeturismo.com\/site\/wp-json\/wp\/v2\/types\/page"}],"author":[{"embeddable":true,"href":"https:\/\/jjeturismo.com\/site\/wp-json\/wp\/v2\/users\/1"}],"replies":[{"embeddable":true,"href":"https:\/\/jjeturismo.com\/site\/wp-json\/wp\/v2\/comments?post=47"}],"version-history":[{"count":49,"href":"https:\/\/jjeturismo.com\/site\/wp-json\/wp\/v2\/pages\/47\/revisions"}],"predecessor-version":[{"id":801,"href":"https:\/\/jjeturismo.com\/site\/wp-json\/wp\/v2\/pages\/47\/revisions\/801"}],"wp:attachment":[{"href":"https:\/\/jjeturismo.com\/site\/wp-json\/wp\/v2\/media?parent=47"}],"curies":[{"name":"wp","href":"https:\/\/api.w.org\/{rel}","templated":true}]}}